{"id":2,"date":"2023-04-26T19:54:48","date_gmt":"2023-04-27T00:54:48","guid":{"rendered":"http:\/\/tonertintasycintas.com\/?page_id=2"},"modified":"2024-04-03T20:03:07","modified_gmt":"2024-04-04T01:03:07","slug":"pagina-ejemplo","status":"publish","type":"page","link":"https:\/\/tonertintasycintas.com\/index.php\/pagina-ejemplo\/","title":{"rendered":"P\u00e1gina de ejemplo"},"content":{"rendered":"\n<p>Especialistas en el mundo de las impresoras desde la venta hasta la provisi\u00f3n de suministros y mantenimiento. Nos dedicamos a asegurar que el flujo de trabajo no se detenga, ofreciendo la m\u00e1s amplia gama de productos y servicios para satisfacer las diferentes necesidades de impresi\u00f3n en, t\u00f3neres laser, cartuchos de tintas y cintas.<\/p>\n","protected":false},"excerpt":{"rendered":"<p>Especialistas en el mundo de las impresoras desde la venta hasta la provisi\u00f3n de suministros y mantenimiento. Nos dedicamos a asegurar que el flujo de trabajo no se detenga, ofreciendo la m\u00e1s amplia gama de productos y servicios para satisfacer las diferentes necesidades de impresi\u00f3n en, t\u00f3neres laser, cartuchos de tintas y cintas.<\/p>\n","protected":false},"author":1,"featured_media":0,"parent":0,"menu_order":0,"comment_status":"closed","ping_status":"open","template":"","meta":{"footnotes":""},"_links":{"self":[{"href":"https:\/\/tonertintasycintas.com\/index.php\/wp-json\/wp\/v2\/pages\/2"}],"collection":[{"href":"https:\/\/tonertintasycintas.com\/index.php\/wp-json\/wp\/v2\/pages"}],"about":[{"href":"https:\/\/tonertintasycintas.com\/index.php\/wp-json\/wp\/v2\/types\/page"}],"author":[{"embeddable":true,"href":"https:\/\/tonertintasycintas.com\/index.php\/wp-json\/wp\/v2\/users\/1"}],"replies":[{"embeddable":true,"href":"https:\/\/tonertintasycintas.com\/index.php\/wp-json\/wp\/v2\/comments?post=2"}],"version-history":[{"count":1,"href":"https:\/\/tonertintasycintas.com\/index.php\/wp-json\/wp\/v2\/pages\/2\/revisions"}],"predecessor-version":[{"id":16,"href":"https:\/\/tonertintasycintas.com\/index.php\/wp-json\/wp\/v2\/pages\/2\/revisions\/16"}],"wp:attachment":[{"href":"https:\/\/tonertintasycintas.com\/index.php\/wp-json\/wp\/v2\/media?parent=2"}],"curies":[{"name":"wp","href":"https:\/\/api.w.org\/{rel}","templated":true}]}}